{"id":1329,"date":"2023-05-08T16:53:45","date_gmt":"2023-05-08T16:53:45","guid":{"rendered":"https:\/\/lantrox.com\/serveis\/"},"modified":"2023-09-07T14:24:22","modified_gmt":"2023-09-07T14:24:22","slug":"serveis","status":"publish","type":"page","link":"https:\/\/lantrox.com\/ca\/serveis\/","title":{"rendered":"Serveis"},"content":{"rendered":"<div id='av_section_1'  class='avia-section av-2koo5e-71144abda68b539697b1fdaea242909b main_color avia-section-huge avia-no-shadow  avia-builder-el-0  avia-builder-el-no-sibling  avia-bg-style-scroll container_wrap fullsize'  ><div class='container av-section-cont-open' ><main  role=\"main\" itemprop=\"mainContentOfPage\"  class='template-page content  av-content-full alpha units'><div class='post-entry post-entry-type-page post-entry-1329'><div class='entry-content-wrapper clearfix'>\n\n<style type=\"text\/css\" data-created_by=\"avia_inline_auto\" id=\"style-css-av-2gmkw2-fdef135727d85b7c28c61c1953801756\">\n#top .flex_column.av-2gmkw2-fdef135727d85b7c28c61c1953801756{\nmargin-top:0px;\nmargin-bottom:0px;\n}\n.flex_column.av-2gmkw2-fdef135727d85b7c28c61c1953801756{\nborder-radius:0px 0px 0px 0px;\npadding:0px 0px 0px 0px;\n}\n.responsive #top #wrap_all .flex_column.av-2gmkw2-fdef135727d85b7c28c61c1953801756{\nmargin-top:0px;\nmargin-bottom:0px;\n}\n<\/style>\n<div  class='flex_column av-2gmkw2-fdef135727d85b7c28c61c1953801756 av_one_full  avia-builder-el-1  el_before_av_hr  avia-builder-el-first  first flex_column_div av-animated-generic fade-in av-zero-column-padding  '     ><style type=\"text\/css\" data-created_by=\"avia_inline_auto\" id=\"style-css-av-lhhmdihe-189bbf630b7790a0ec656db191f78e31\">\n#top .av-special-heading.av-lhhmdihe-189bbf630b7790a0ec656db191f78e31{\nmargin:40px 0 170px 0;\npadding-bottom:0;\nfont-size:5vw;\n}\nbody .av-special-heading.av-lhhmdihe-189bbf630b7790a0ec656db191f78e31 .av-special-heading-tag .heading-char{\nfont-size:25px;\n}\n#top #wrap_all .av-special-heading.av-lhhmdihe-189bbf630b7790a0ec656db191f78e31 .av-special-heading-tag{\nfont-size:5vw;\n}\n.av-special-heading.av-lhhmdihe-189bbf630b7790a0ec656db191f78e31 .av-subheading{\nfont-size:15px;\n}\n\n@media only screen and (min-width: 990px){ \n#top #wrap_all .av-special-heading.av-lhhmdihe-189bbf630b7790a0ec656db191f78e31 .av-special-heading-tag{\nfont-size:5vw;\n}\n}\n\n@media only screen and (min-width: 768px) and (max-width: 989px){ \n#top #wrap_all .av-special-heading.av-lhhmdihe-189bbf630b7790a0ec656db191f78e31 .av-special-heading-tag{\nfont-size:40px;\n}\n}\n\n@media only screen and (min-width: 480px) and (max-width: 767px){ \n#top #wrap_all .av-special-heading.av-lhhmdihe-189bbf630b7790a0ec656db191f78e31 .av-special-heading-tag{\nfont-size:40px;\n}\n}\n\n@media only screen and (max-width: 479px){ \n#top #wrap_all .av-special-heading.av-lhhmdihe-189bbf630b7790a0ec656db191f78e31 .av-special-heading-tag{\nfont-size:40px;\n}\n}\n<\/style>\n<div  class='av-special-heading av-lhhmdihe-189bbf630b7790a0ec656db191f78e31 av-special-heading-h3 blockquote modern-quote  avia-builder-el-2  avia-builder-el-no-sibling  av-inherit-size'><h3 class='av-special-heading-tag '  itemprop=\"headline\"  >Serveis d\u2019instal\u00b7laci\u00f3 de mobiliari i insonoritzaci\u00f3 <\/h3><div class=\"special-heading-border\"><div class=\"special-heading-inner-border\"><\/div><\/div><\/div><\/div>\n<style type=\"text\/css\" data-created_by=\"avia_inline_auto\" id=\"style-css-av-2b4qz6-4e693e90f44ff4023e93dd0c2ee64cb5\">\n#top .hr.hr-invisible.av-2b4qz6-4e693e90f44ff4023e93dd0c2ee64cb5{\nheight:150px;\n}\n<\/style>\n<div  class='hr av-2b4qz6-4e693e90f44ff4023e93dd0c2ee64cb5 hr-invisible  avia-builder-el-3  el_after_av_one_full  el_before_av_one_half '><span class='hr-inner '><span class=\"hr-inner-style\"><\/span><\/span><\/div>\n\n<style type=\"text\/css\" data-created_by=\"avia_inline_auto\" id=\"style-css-av-20nxe2-6ba32bf0c2d1fd8db3224dea3dedb467\">\n.flex_column.av-20nxe2-6ba32bf0c2d1fd8db3224dea3dedb467{\nborder-radius:0px 0px 0px 0px;\npadding:0px 0px 0px 0px;\n}\n<\/style>\n<div  class='flex_column av-20nxe2-6ba32bf0c2d1fd8db3224dea3dedb467 av_one_half  avia-builder-el-4  el_after_av_hr  el_before_av_one_half  first flex_column_div av-animated-generic bottom-to-top av-zero-column-padding  '     ><p>\n<style type=\"text\/css\" data-created_by=\"avia_inline_auto\" id=\"style-css-av-lhhmi8ac-2f9931631966d04d6b8f2f8e4a4fdd7b\">\n#top .av-special-heading.av-lhhmi8ac-2f9931631966d04d6b8f2f8e4a4fdd7b{\npadding-bottom:10px;\nfont-size:50px;\n}\nbody .av-special-heading.av-lhhmi8ac-2f9931631966d04d6b8f2f8e4a4fdd7b .av-special-heading-tag .heading-char{\nfont-size:25px;\n}\n#top #wrap_all .av-special-heading.av-lhhmi8ac-2f9931631966d04d6b8f2f8e4a4fdd7b .av-special-heading-tag{\nfont-size:50px;\n}\n.av-special-heading.av-lhhmi8ac-2f9931631966d04d6b8f2f8e4a4fdd7b .av-subheading{\nfont-size:15px;\n}\n\n@media only screen and (min-width: 480px) and (max-width: 767px){ \n#top #wrap_all .av-special-heading.av-lhhmi8ac-2f9931631966d04d6b8f2f8e4a4fdd7b .av-special-heading-tag{\nfont-size:0.8em;\n}\n}\n\n@media only screen and (max-width: 479px){ \n#top #wrap_all .av-special-heading.av-lhhmi8ac-2f9931631966d04d6b8f2f8e4a4fdd7b .av-special-heading-tag{\nfont-size:0.8em;\n}\n}\n<\/style>\n<div  class='av-special-heading av-lhhmi8ac-2f9931631966d04d6b8f2f8e4a4fdd7b av-special-heading-h4 blockquote modern-quote  avia-builder-el-5  el_before_av_textblock  avia-builder-el-first  av-inherit-size'><h4 class='av-special-heading-tag '  itemprop=\"headline\"  >Instal\u00b7laci\u00f3 de mobiliari<\/h4><div class=\"special-heading-border\"><div class=\"special-heading-inner-border\"><\/div><\/div><\/div><br \/>\n<section  class='av_textblock_section av-lhhmhyl5-4ea9f8b191bb868d79183efc086cf96e '   itemscope=\"itemscope\" itemtype=\"https:\/\/schema.org\/CreativeWork\" ><div class='avia_textblock'  itemprop=\"text\" ><p>A Lantrox som <strong>l\u00edders en serveis d&#8217;instal\u00b7laci\u00f3 de mobiliari d&#8217;oficina i insonoritzaci\u00f3.<\/strong> El nostre objectiu principal \u00e9s transformar el teu espai de treball en un entorn productiu i confortable. Comptem amb un equip altament capacitat i una \u00e0mplia experi\u00e8ncia en la instal\u00b7laci\u00f3 de tota mena de mobiliari, des d&#8217;escriptoris i cadires ergon\u00f2miques fins a sistemes modulars d&#8217;emmagatzematge.<\/p>\n<p>Ens enorgulleix treballar amb <strong>marques reconegudes de mobiliari d&#8217;alta qualitat del mercat,<\/strong> assegurant que cada projecte compti amb els millors productes i garantint l&#8217;excel\u00b7l\u00e8ncia a cada instal\u00b7laci\u00f3 de mobiliari d&#8217;oficina<\/p>\n<\/div><\/section><\/p><\/div>\n<style type=\"text\/css\" data-created_by=\"avia_inline_auto\" id=\"style-css-av-1xphlm-901e239baaeb88a08b2605567427af29\">\n.flex_column.av-1xphlm-901e239baaeb88a08b2605567427af29{\nborder-radius:0px 0px 0px 0px;\npadding:0px 0px 0px 0px;\n}\n<\/style>\n<div  class='flex_column av-1xphlm-901e239baaeb88a08b2605567427af29 av_one_half  avia-builder-el-7  el_after_av_one_half  el_before_av_one_half  flex_column_div av-animated-generic bottom-to-top av-zero-column-padding  '     ><p>\n<style type=\"text\/css\" data-created_by=\"avia_inline_auto\" id=\"style-css-av-lhhmil4j-2c44bfa53d753ebc44f6a641f78c1c2b\">\n#top .av-special-heading.av-lhhmil4j-2c44bfa53d753ebc44f6a641f78c1c2b{\npadding-bottom:10px;\nfont-size:50px;\n}\nbody .av-special-heading.av-lhhmil4j-2c44bfa53d753ebc44f6a641f78c1c2b .av-special-heading-tag .heading-char{\nfont-size:25px;\n}\n#top #wrap_all .av-special-heading.av-lhhmil4j-2c44bfa53d753ebc44f6a641f78c1c2b .av-special-heading-tag{\nfont-size:50px;\n}\n.av-special-heading.av-lhhmil4j-2c44bfa53d753ebc44f6a641f78c1c2b .av-subheading{\nfont-size:15px;\n}\n\n@media only screen and (min-width: 480px) and (max-width: 767px){ \n#top #wrap_all .av-special-heading.av-lhhmil4j-2c44bfa53d753ebc44f6a641f78c1c2b .av-special-heading-tag{\nfont-size:0.8em;\n}\n}\n\n@media only screen and (max-width: 479px){ \n#top #wrap_all .av-special-heading.av-lhhmil4j-2c44bfa53d753ebc44f6a641f78c1c2b .av-special-heading-tag{\nfont-size:0.8em;\n}\n}\n<\/style>\n<div  class='av-special-heading av-lhhmil4j-2c44bfa53d753ebc44f6a641f78c1c2b av-special-heading-h4 blockquote modern-quote  avia-builder-el-8  el_before_av_textblock  avia-builder-el-first  av-inherit-size'><h4 class='av-special-heading-tag '  itemprop=\"headline\"  >Trasllat d\u2019oficines<\/h4><div class=\"special-heading-border\"><div class=\"special-heading-inner-border\"><\/div><\/div><\/div><br \/>\n<section  class='av_textblock_section av-lhhmk65g-858b6896c15691025ef7bf918e26cf9b '   itemscope=\"itemscope\" itemtype=\"https:\/\/schema.org\/CreativeWork\" ><div class='avia_textblock'  itemprop=\"text\" ><p>Oferim <strong>serveis de trasllat fiables<\/strong> per als teus mobiliaris, material de fitxer i materials inform\u00e0tics. El nostre equip s&#8217;encarrega de fer servir amb cura i professionalisme cada element durant el proc\u00e9s de trasllat, garantint una transfer\u00e8ncia segura i sense contratemps. Ja sigui que estiguis canviant d&#8217;oficina o necessitis traslladar les teves pertinences a un altre lloc, pots confiar en nosaltres per fer-ho de manera eficient i puntual. Simplifica el teu proc\u00e9s de trasllat amb Lantrox i assegura que els teus mobiliaris i materials arribin en perfectes condicions a la nova destinaci\u00f3.<\/p>\n<\/div><\/section><\/p><\/div>\n<style type=\"text\/css\" data-created_by=\"avia_inline_auto\" id=\"style-css-av-1riruq-be2e5c5e38a437481fa5f5c64e27c4a8\">\n.flex_column.av-1riruq-be2e5c5e38a437481fa5f5c64e27c4a8{\nborder-radius:0px 0px 0px 0px;\npadding:0px 0px 0px 0px;\n}\n<\/style>\n<div  class='flex_column av-1riruq-be2e5c5e38a437481fa5f5c64e27c4a8 av_one_half  avia-builder-el-10  el_after_av_one_half  el_before_av_one_half  first flex_column_div av-animated-generic bottom-to-top av-zero-column-padding  column-top-margin'     ><p>\n<style type=\"text\/css\" data-created_by=\"avia_inline_auto\" id=\"style-css-av-1kx4aq-7cd005f41f7d3cf51cf45b86b20d5293\">\n#top .av-special-heading.av-1kx4aq-7cd005f41f7d3cf51cf45b86b20d5293{\npadding-bottom:10px;\nfont-size:50px;\n}\nbody .av-special-heading.av-1kx4aq-7cd005f41f7d3cf51cf45b86b20d5293 .av-special-heading-tag .heading-char{\nfont-size:25px;\n}\n#top #wrap_all .av-special-heading.av-1kx4aq-7cd005f41f7d3cf51cf45b86b20d5293 .av-special-heading-tag{\nfont-size:50px;\n}\n.av-special-heading.av-1kx4aq-7cd005f41f7d3cf51cf45b86b20d5293 .av-subheading{\nfont-size:15px;\n}\n\n@media only screen and (min-width: 480px) and (max-width: 767px){ \n#top #wrap_all .av-special-heading.av-1kx4aq-7cd005f41f7d3cf51cf45b86b20d5293 .av-special-heading-tag{\nfont-size:0.8em;\n}\n}\n\n@media only screen and (max-width: 479px){ \n#top #wrap_all .av-special-heading.av-1kx4aq-7cd005f41f7d3cf51cf45b86b20d5293 .av-special-heading-tag{\nfont-size:0.8em;\n}\n}\n<\/style>\n<div  class='av-special-heading av-1kx4aq-7cd005f41f7d3cf51cf45b86b20d5293 av-special-heading-h4 blockquote modern-quote  avia-builder-el-11  el_before_av_textblock  avia-builder-el-first  av-inherit-size'><h4 class='av-special-heading-tag '  itemprop=\"headline\"  >Insonoritzaci\u00f3 <\/h4><div class=\"special-heading-border\"><div class=\"special-heading-inner-border\"><\/div><\/div><\/div><br \/>\n<section  class='av_textblock_section av-1czkz6-488d607fc1c8c00ac2647513cbcf90fe '   itemscope=\"itemscope\" itemtype=\"https:\/\/schema.org\/CreativeWork\" ><div class='avia_textblock'  itemprop=\"text\" ><p>A m\u00e9s de la instal\u00b7laci\u00f3 de mobiliari d&#8217;oficina, <strong>ens especialitzem en serveis d&#8217;insonoritzaci\u00f3.<\/strong> Sabem com n&#8217;\u00e9s d&#8217;important comptar amb un ambient tranquil i lliure de distraccions per millorar la concentraci\u00f3 i el rendiment laboral. Utilitzem materials d&#8217;alta qualitat i t\u00e8cniques avan\u00e7ades per reduir al m\u00ednim els sorolls externs, creant aix\u00ed un entorn de treball silenci\u00f3s i propici per a la productivitat.<\/p>\n<\/div><\/section><\/p><\/div>\n<style type=\"text\/css\" data-created_by=\"avia_inline_auto\" id=\"style-css-av-bowk2-dfa4fc76c555ba73b5f354e1e0681884\">\n.flex_column.av-bowk2-dfa4fc76c555ba73b5f354e1e0681884{\nborder-radius:0px 0px 0px 0px;\npadding:0px 0px 0px 0px;\n}\n<\/style>\n<div  class='flex_column av-bowk2-dfa4fc76c555ba73b5f354e1e0681884 av_one_half  avia-builder-el-13  el_after_av_one_half  el_before_av_one_half  flex_column_div av-animated-generic bottom-to-top av-zero-column-padding  column-top-margin'     ><p>\n<style type=\"text\/css\" data-created_by=\"avia_inline_auto\" id=\"style-css-av-lhonyjad-6fcb7f7dad1bebb12ddc3330ffe55185\">\n#top .av-special-heading.av-lhonyjad-6fcb7f7dad1bebb12ddc3330ffe55185{\npadding-bottom:10px;\nfont-size:50px;\n}\nbody .av-special-heading.av-lhonyjad-6fcb7f7dad1bebb12ddc3330ffe55185 .av-special-heading-tag .heading-char{\nfont-size:25px;\n}\n#top #wrap_all .av-special-heading.av-lhonyjad-6fcb7f7dad1bebb12ddc3330ffe55185 .av-special-heading-tag{\nfont-size:50px;\n}\n.av-special-heading.av-lhonyjad-6fcb7f7dad1bebb12ddc3330ffe55185 .av-subheading{\nfont-size:15px;\n}\n\n@media only screen and (min-width: 480px) and (max-width: 767px){ \n#top #wrap_all .av-special-heading.av-lhonyjad-6fcb7f7dad1bebb12ddc3330ffe55185 .av-special-heading-tag{\nfont-size:0.8em;\n}\n}\n\n@media only screen and (max-width: 479px){ \n#top #wrap_all .av-special-heading.av-lhonyjad-6fcb7f7dad1bebb12ddc3330ffe55185 .av-special-heading-tag{\nfont-size:0.8em;\n}\n}\n<\/style>\n<div  class='av-special-heading av-lhonyjad-6fcb7f7dad1bebb12ddc3330ffe55185 av-special-heading-h4 blockquote modern-quote  avia-builder-el-14  el_before_av_textblock  avia-builder-el-first  av-inherit-size'><h4 class='av-special-heading-tag '  itemprop=\"headline\"  >Estudis de projectes <\/h4><div class=\"special-heading-border\"><div class=\"special-heading-inner-border\"><\/div><\/div><\/div><br \/>\n<section  class='av_textblock_section av-lhonz27m-6b4db30b0918a763c83056582c984854 '   itemscope=\"itemscope\" itemtype=\"https:\/\/schema.org\/CreativeWork\" ><div class='avia_textblock'  itemprop=\"text\" ><p>A Lantrox, oferim <strong>un estudi de projectes integral<\/strong> per ajudar-te a materialitzar les teves idees i convertir-les en realitat. El nostre equip d&#8217;experts treballa en estreta col\u00b7laboraci\u00f3 amb tu, comprenent les vostres necessitats i objectius per desenvolupar solucions personalitzades i eficients. Des de la planificaci\u00f3 inicial fins a la implementaci\u00f3 final, el nostre enfocament minuci\u00f3s i atenci\u00f3 al detall garanteixen que cada projecte sigui executat amb excel\u00b7l\u00e8ncia. Confia en el nostre estudi de projectes per obtenir resultats de qualitat i transformar el teu espai d&#8217;acord amb les teves visions i requisits \u00fanics<\/p>\n<\/div><\/section><\/p><\/div>\n<style type=\"text\/css\" data-created_by=\"avia_inline_auto\" id=\"style-css-av-fuan6-2ea4f43f7793c70cc31f8c0bc565d750\">\n.flex_column.av-fuan6-2ea4f43f7793c70cc31f8c0bc565d750{\nborder-radius:0px 0px 0px 0px;\npadding:0px 0px 0px 0px;\n}\n<\/style>\n<div  class='flex_column av-fuan6-2ea4f43f7793c70cc31f8c0bc565d750 av_one_half  avia-builder-el-16  el_after_av_one_half  el_before_av_one_half  first flex_column_div av-animated-generic bottom-to-top av-zero-column-padding  column-top-margin'     ><p>\n<style type=\"text\/css\" data-created_by=\"avia_inline_auto\" id=\"style-css-av-ljiai1ks-722a7871dfb4a11b20f255dc31396266\">\n#top .av-special-heading.av-ljiai1ks-722a7871dfb4a11b20f255dc31396266{\npadding-bottom:10px;\nfont-size:50px;\n}\nbody .av-special-heading.av-ljiai1ks-722a7871dfb4a11b20f255dc31396266 .av-special-heading-tag .heading-char{\nfont-size:25px;\n}\n#top #wrap_all .av-special-heading.av-ljiai1ks-722a7871dfb4a11b20f255dc31396266 .av-special-heading-tag{\nfont-size:50px;\n}\n.av-special-heading.av-ljiai1ks-722a7871dfb4a11b20f255dc31396266 .av-subheading{\nfont-size:15px;\n}\n\n@media only screen and (min-width: 480px) and (max-width: 767px){ \n#top #wrap_all .av-special-heading.av-ljiai1ks-722a7871dfb4a11b20f255dc31396266 .av-special-heading-tag{\nfont-size:0.8em;\n}\n}\n\n@media only screen and (max-width: 479px){ \n#top #wrap_all .av-special-heading.av-ljiai1ks-722a7871dfb4a11b20f255dc31396266 .av-special-heading-tag{\nfont-size:0.8em;\n}\n}\n<\/style>\n<div  class='av-special-heading av-ljiai1ks-722a7871dfb4a11b20f255dc31396266 av-special-heading-h4 blockquote modern-quote  avia-builder-el-17  el_before_av_textblock  avia-builder-el-first  av-inherit-size'><h4 class='av-special-heading-tag '  itemprop=\"headline\"  > Guardamobles a Vilafranca<\/h4><div class=\"special-heading-border\"><div class=\"special-heading-inner-border\"><\/div><\/div><\/div><br \/>\n<section  class='av_textblock_section av-ljialezc-d74491e679892b6bd730377dffd1018b '   itemscope=\"itemscope\" itemtype=\"https:\/\/schema.org\/CreativeWork\" ><div class='avia_textblock'  itemprop=\"text\" ><p>Al nostre guardamobles ubicat a Vilafranca, oferim un servei complet i fiable. Els nostres clients poden gaudir <strong>d&#8217;un espai segur i convenient per emmagatzemar el mobiliari.<\/strong> Ja sigui que necessitin guardar mobles, equips o altres objectes, brindant una soluci\u00f3 flexible i assequible. El nostre equip s&#8217;assegura que cada article estigui degudament ubicat i protegit, brindant tranquil\u00b7litat i comoditat als nostres clients.<\/p>\n<\/div><\/section><\/p><\/div>\n<style type=\"text\/css\" data-created_by=\"avia_inline_auto\" id=\"style-css-av-6nq6i-ba304b4293798bde9fb29d73e5747f78\">\n.flex_column.av-6nq6i-ba304b4293798bde9fb29d73e5747f78{\nborder-radius:0px 0px 0px 0px;\npadding:0px 0px 0px 0px;\n}\n<\/style>\n<div  class='flex_column av-6nq6i-ba304b4293798bde9fb29d73e5747f78 av_one_half  avia-builder-el-19  el_after_av_one_half  avia-builder-el-last  flex_column_div av-animated-generic bottom-to-top av-zero-column-padding  column-top-margin'     ><p>\n<style type=\"text\/css\" data-created_by=\"avia_inline_auto\" id=\"style-css-av-ljiam8v5-97d5da58d2ebf0409e57650be596d962\">\n#top .av-special-heading.av-ljiam8v5-97d5da58d2ebf0409e57650be596d962{\npadding-bottom:10px;\nfont-size:50px;\n}\nbody .av-special-heading.av-ljiam8v5-97d5da58d2ebf0409e57650be596d962 .av-special-heading-tag .heading-char{\nfont-size:25px;\n}\n#top #wrap_all .av-special-heading.av-ljiam8v5-97d5da58d2ebf0409e57650be596d962 .av-special-heading-tag{\nfont-size:50px;\n}\n.av-special-heading.av-ljiam8v5-97d5da58d2ebf0409e57650be596d962 .av-subheading{\nfont-size:15px;\n}\n\n@media only screen and (min-width: 480px) and (max-width: 767px){ \n#top #wrap_all .av-special-heading.av-ljiam8v5-97d5da58d2ebf0409e57650be596d962 .av-special-heading-tag{\nfont-size:0.8em;\n}\n}\n\n@media only screen and (max-width: 479px){ \n#top #wrap_all .av-special-heading.av-ljiam8v5-97d5da58d2ebf0409e57650be596d962 .av-special-heading-tag{\nfont-size:0.8em;\n}\n}\n<\/style>\n<div  class='av-special-heading av-ljiam8v5-97d5da58d2ebf0409e57650be596d962 av-special-heading-h4 blockquote modern-quote  avia-builder-el-20  el_before_av_textblock  avia-builder-el-first  av-inherit-size'><h4 class='av-special-heading-tag '  itemprop=\"headline\"  >Escala Mec\u00e0nica o Elevador Montamobles<\/h4><div class=\"special-heading-border\"><div class=\"special-heading-inner-border\"><\/div><\/div><\/div><br \/>\n<section  class='av_textblock_section av-ljiao60u-b7a10443dbdffc83deb405e491635523 '   itemscope=\"itemscope\" itemtype=\"https:\/\/schema.org\/CreativeWork\" ><div class='avia_textblock'  itemprop=\"text\" ><p>Una soluci\u00f3 eficient per <strong>facilitar el trasllat dels teus mobles i objectes voluminosos.<\/strong> Al nostre equip, comptem amb escales mec\u00e0niques i elevadors especialitzats, que permeten un transport segur i sense complicacions. El nostre personal capacitat s&#8217;encarrega de manejar i operar aquests equips garantint un proc\u00e9s de c\u00e0rrega i desc\u00e0rrega r\u00e0pid i sense danys.<\/p>\n<\/div><\/section><\/p><\/div>\n","protected":false},"excerpt":{"rendered":"","protected":false},"author":1,"featured_media":0,"parent":0,"menu_order":0,"comment_status":"closed","ping_status":"closed","template":"","meta":{"footnotes":""},"class_list":["post-1329","page","type-page","status-publish","hentry"],"yoast_head":"<!-- This site is optimized with the Yoast SEO plugin v27.4 - https:\/\/yoast.com\/product\/yoast-seo-wordpress\/ -->\n<title>Serveis - lantrox - Servicios y montajes<\/title>\n<meta name=\"description\" content=\"Descobreix les nostres solucions de log\u00edstica, muntatge de mobiliari. Millora la productivitat i el disseny dels espais.\" \/>\n<meta name=\"robots\" content=\"index, follow, max-snippet:-1, max-image-preview:large, max-video-preview:-1\" \/>\n<link rel=\"canonical\" href=\"https:\/\/lantrox.com\/ca\/serveis\/\" \/>\n<meta property=\"og:locale\" content=\"ca_ES\" \/>\n<meta property=\"og:type\" content=\"article\" \/>\n<meta property=\"og:title\" content=\"Serveis - lantrox - Servicios y montajes\" \/>\n<meta property=\"og:description\" content=\"Descobreix les nostres solucions de log\u00edstica, muntatge de mobiliari. Millora la productivitat i el disseny dels espais.\" \/>\n<meta property=\"og:url\" content=\"https:\/\/lantrox.com\/ca\/serveis\/\" \/>\n<meta property=\"og:site_name\" content=\"lantrox - Servicios y montajes\" \/>\n<meta property=\"article:modified_time\" content=\"2023-09-07T14:24:22+00:00\" \/>\n<meta name=\"twitter:card\" content=\"summary_large_image\" \/>\n<meta name=\"twitter:label1\" content=\"Temps estimat de lectura\" \/>\n\t<meta name=\"twitter:data1\" content=\"14 minuts\" \/>\n<script type=\"application\/ld+json\" class=\"yoast-schema-graph\">{\"@context\":\"https:\\\/\\\/schema.org\",\"@graph\":[{\"@type\":\"WebPage\",\"@id\":\"https:\\\/\\\/lantrox.com\\\/ca\\\/serveis\\\/\",\"url\":\"https:\\\/\\\/lantrox.com\\\/ca\\\/serveis\\\/\",\"name\":\"Serveis - lantrox - Servicios y montajes\",\"isPartOf\":{\"@id\":\"https:\\\/\\\/lantrox.com\\\/ca\\\/#website\"},\"datePublished\":\"2023-05-08T16:53:45+00:00\",\"dateModified\":\"2023-09-07T14:24:22+00:00\",\"description\":\"Descobreix les nostres solucions de log\u00edstica, muntatge de mobiliari. Millora la productivitat i el disseny dels espais.\",\"breadcrumb\":{\"@id\":\"https:\\\/\\\/lantrox.com\\\/ca\\\/serveis\\\/#breadcrumb\"},\"inLanguage\":\"ca\",\"potentialAction\":[{\"@type\":\"ReadAction\",\"target\":[\"https:\\\/\\\/lantrox.com\\\/ca\\\/serveis\\\/\"]}]},{\"@type\":\"BreadcrumbList\",\"@id\":\"https:\\\/\\\/lantrox.com\\\/ca\\\/serveis\\\/#breadcrumb\",\"itemListElement\":[{\"@type\":\"ListItem\",\"position\":1,\"name\":\"Portada\",\"item\":\"https:\\\/\\\/lantrox.com\\\/ca\\\/home\\\/\"},{\"@type\":\"ListItem\",\"position\":2,\"name\":\"Serveis\"}]},{\"@type\":\"WebSite\",\"@id\":\"https:\\\/\\\/lantrox.com\\\/ca\\\/#website\",\"url\":\"https:\\\/\\\/lantrox.com\\\/ca\\\/\",\"name\":\"lantrox - Servicios y montajes\",\"description\":\"Mobiliario profesional para oficinas\",\"potentialAction\":[{\"@type\":\"SearchAction\",\"target\":{\"@type\":\"EntryPoint\",\"urlTemplate\":\"https:\\\/\\\/lantrox.com\\\/ca\\\/?s={search_term_string}\"},\"query-input\":{\"@type\":\"PropertyValueSpecification\",\"valueRequired\":true,\"valueName\":\"search_term_string\"}}],\"inLanguage\":\"ca\"}]}<\/script>\n<!-- \/ Yoast SEO plugin. -->","yoast_head_json":{"title":"Serveis - lantrox - Servicios y montajes","description":"Descobreix les nostres solucions de log\u00edstica, muntatge de mobiliari. Millora la productivitat i el disseny dels espais.","robots":{"index":"index","follow":"follow","max-snippet":"max-snippet:-1","max-image-preview":"max-image-preview:large","max-video-preview":"max-video-preview:-1"},"canonical":"https:\/\/lantrox.com\/ca\/serveis\/","og_locale":"ca_ES","og_type":"article","og_title":"Serveis - lantrox - Servicios y montajes","og_description":"Descobreix les nostres solucions de log\u00edstica, muntatge de mobiliari. Millora la productivitat i el disseny dels espais.","og_url":"https:\/\/lantrox.com\/ca\/serveis\/","og_site_name":"lantrox - Servicios y montajes","article_modified_time":"2023-09-07T14:24:22+00:00","twitter_card":"summary_large_image","twitter_misc":{"Temps estimat de lectura":"14 minuts"},"schema":{"@context":"https:\/\/schema.org","@graph":[{"@type":"WebPage","@id":"https:\/\/lantrox.com\/ca\/serveis\/","url":"https:\/\/lantrox.com\/ca\/serveis\/","name":"Serveis - lantrox - Servicios y montajes","isPartOf":{"@id":"https:\/\/lantrox.com\/ca\/#website"},"datePublished":"2023-05-08T16:53:45+00:00","dateModified":"2023-09-07T14:24:22+00:00","description":"Descobreix les nostres solucions de log\u00edstica, muntatge de mobiliari. Millora la productivitat i el disseny dels espais.","breadcrumb":{"@id":"https:\/\/lantrox.com\/ca\/serveis\/#breadcrumb"},"inLanguage":"ca","potentialAction":[{"@type":"ReadAction","target":["https:\/\/lantrox.com\/ca\/serveis\/"]}]},{"@type":"BreadcrumbList","@id":"https:\/\/lantrox.com\/ca\/serveis\/#breadcrumb","itemListElement":[{"@type":"ListItem","position":1,"name":"Portada","item":"https:\/\/lantrox.com\/ca\/home\/"},{"@type":"ListItem","position":2,"name":"Serveis"}]},{"@type":"WebSite","@id":"https:\/\/lantrox.com\/ca\/#website","url":"https:\/\/lantrox.com\/ca\/","name":"lantrox - Servicios y montajes","description":"Mobiliario profesional para oficinas","potentialAction":[{"@type":"SearchAction","target":{"@type":"EntryPoint","urlTemplate":"https:\/\/lantrox.com\/ca\/?s={search_term_string}"},"query-input":{"@type":"PropertyValueSpecification","valueRequired":true,"valueName":"search_term_string"}}],"inLanguage":"ca"}]}},"_links":{"self":[{"href":"https:\/\/lantrox.com\/ca\/wp-json\/wp\/v2\/pages\/1329","targetHints":{"allow":["GET"]}}],"collection":[{"href":"https:\/\/lantrox.com\/ca\/wp-json\/wp\/v2\/pages"}],"about":[{"href":"https:\/\/lantrox.com\/ca\/wp-json\/wp\/v2\/types\/page"}],"author":[{"embeddable":true,"href":"https:\/\/lantrox.com\/ca\/wp-json\/wp\/v2\/users\/1"}],"replies":[{"embeddable":true,"href":"https:\/\/lantrox.com\/ca\/wp-json\/wp\/v2\/comments?post=1329"}],"version-history":[{"count":0,"href":"https:\/\/lantrox.com\/ca\/wp-json\/wp\/v2\/pages\/1329\/revisions"}],"wp:attachment":[{"href":"https:\/\/lantrox.com\/ca\/wp-json\/wp\/v2\/media?parent=1329"}],"curies":[{"name":"wp","href":"https:\/\/api.w.org\/{rel}","templated":true}]}}